{"id":1417,"date":"2021-05-20T05:01:35","date_gmt":"2021-05-20T05:01:35","guid":{"rendered":"https:\/\/flexico.com.mx\/notice-of-privacy\/"},"modified":"2021-05-20T05:01:40","modified_gmt":"2021-05-20T05:01:40","slug":"notice-of-privacy","status":"publish","type":"page","link":"https:\/\/flexico.com.mx\/en\/notice-of-privacy\/","title":{"rendered":"Notice of Privacy"},"content":{"rendered":"<p>Responsable de la protecci\u00f3n de sus datos personales. Flexico S de R.L. de C.V. (en adelante Flexico), con domicilio en Parque Industrial Mz. 2 Lote 1B, Parque Industrial Jilotepec, Estado de M\u00e9xico, C.P. 54240, es responsable de dar tratamiento a sus datos personales, del uso que se le d\u00e9 a los mismos y de su protecci\u00f3n, conforme a lo establecido en la Ley Federal de Protecci\u00f3n de Datos Personales en Posesi\u00f3n de los Particulares (en lo sucesivo la \u201cLey\u201d).<\/p><p>\u00bfPara qu\u00e9 fines recabamos y utilizamos sus datos personales?<\/p><p>\u2022 Para ponernos en contacto con usted y atender sus peticiones y\/o comentarios.<\/p><p>\u00bfQu\u00e9 datos personales obtenemos y de d\u00f3nde? Para las finalidades se\u00f1aladas en el presente aviso de privacidad recabaremos sus datos personales cuando usted nos los proporciona directamente v\u00eda p\u00e1gina Web, los cuales son nombre, correo electr\u00f3nico y tel\u00e9fono. Asimismo, le informamos que en nuestra p\u00e1gina de Internet no recabamos datos personales sensibles.<\/p><p>\u00bfCon qui\u00e9n compartimos su informaci\u00f3n personal y para qu\u00e9 fines? Le notificamos que, para poder cumplir con las finalidades expresadas anteriormente, no es necesario que sus datos personales sean transferidos a personas f\u00edsicas y\/o morales distintas a las que forman parte de Flexico.<\/p><p>Limitaci\u00f3n al Uso y Divulgaci\u00f3n de Datos Personales. Con el objeto de dar protecci\u00f3n y acotar los riesgos o vulneraciones que puedan presentarse causando alguna p\u00e9rdida, alteraci\u00f3n, da\u00f1o o uso indebido de sus datos personales, Flexico ha implementado en t\u00e9rminos del Reglamento, las medidas de seguridad f\u00edsicas, t\u00e9cnicas y administrativas para cuidar la seguridad de sus datos. En Flexico no enviamos promociones; si usted considera que estamos usando los datos personales para otro fin, favor de ponerse en contacto con nuestro Oficial de protecci\u00f3n de datos personales al email protecciondedatos@flexico.com.mx<\/p><p>Recolecci\u00f3n de datos al navegar en nuestra p\u00e1gina Web. Dentro de las herramientas de captura autom\u00e1tica de datos utilizadas por Flexico en su p\u00e1gina web se encuentran los cookies y los Web beacons<\/p><p>Uso de \u201ccookies\u201d.- Para el correcto funcionamiento de nuestra p\u00e1gina Web se requiere de la habilitaci\u00f3n de \u201ccookies\u201d en su navegador de Internet. Los \u201ccookies\u201d son peque\u00f1os archivos de datos transferidos por el sitio Web al disco duro de su computadora cuando navega por el sitio. En la mayor\u00eda de los navegadores los \u201ccookies\u201d se aceptan autom\u00e1ticamente en virtud de su configuraci\u00f3n predeterminada, usted puede ajustar las preferencias de su navegador para aceptar o rechazar los \u201ccookies\u201d. La desactivaci\u00f3n de los \u201ccookies\u201d puede inhabilitar diversas funciones de los sitios Web de Flexico o que no se muestren correctamente. En caso de que usted prefiera anularlos, usted puede eliminar el archivo al final de cada sesi\u00f3n del explorador.<\/p><p>Uso de Web beacons.- Tambi\u00e9n conocidos como etiquetas de Internet, Flexico puede utilizar en su sitios web con formato HTML los Web beacons, solos o en combinaci\u00f3n con los cookies, para recopilar informaci\u00f3n sobre el uso de los sitios web. El Web beacon es una imagen electr\u00f3nica, llamada de un solo p\u00edxel (1\u00d71) o GIF que puede reconocer informaci\u00f3n que es procesada en su computadora, como el caso de los cookies, la hora y fecha en que el sitio y sus secciones son visualizados.<\/p><p>Derechos de Acceso, Rectificaci\u00f3n, Cancelaci\u00f3n y\/u Oposici\u00f3n (ARCO) y medios para revocar el consentimiento. Hacemos de su conocimiento que en todo momento usted podr\u00e1 ejercer sus derechos ARCO y\/o revocar el consentimiento que nos ha otorgado para el tratamiento de sus datos personales, salvo en los casos de excepci\u00f3n se\u00f1alados en la Ley y su Reglamento. Para conocer los procedimientos, requisitos y plazos se puede poner en contacto con nuestro Oficial de Protecci\u00f3n de Datos Personales mediante el correo electr\u00f3nico protecciondedatos@flexico.com.mx<\/p><p>Procedimientos y Cambios al Aviso de Privacidad. Flexico se reserva el derecho de cambiar este Aviso de Privacidad en cualquier momento. Las modificaciones estar\u00e1n disponibles a trav\u00e9s de nuestra p\u00e1gina http:\/\/flexico.com.mx\/aviso-de-privacidad-flexico-s-de-r-l-de-c-v\/<\/p><p>Fecha de la \u00faltima actualizaci\u00f3n al presente aviso de privacidad: [26 de abril del 2021]<\/p>","protected":false},"excerpt":{"rendered":"<p>Responsable de la protecci\u00f3n de sus datos personales. Flexico S de R.L. de C.V. (en adelante Flexico), con domicilio en Parque Industrial Mz. 2 Lote 1B, Parque Industrial Jilotepec, Estado de M\u00e9xico, C.P. 54240, es responsable de dar tratamiento a sus datos personales, del uso que se le d\u00e9 a los mismos y de su &hellip;<\/p>\n<p class=\"read-more\"> <a class=\"\" href=\"https:\/\/flexico.com.mx\/en\/notice-of-privacy\/\"> <span class=\"screen-reader-text\">Notice of Privacy<\/span> Read More &raquo;<\/a><\/p>\n","protected":false},"author":1,"featured_media":0,"parent":0,"menu_order":0,"comment_status":"closed","ping_status":"open","template":"","meta":{"site-sidebar-layout":"default","site-content-layout":"default","ast-global-header-display":"","ast-main-header-display":"","ast-hfb-above-header-display":"","ast-hfb-below-header-display":"","ast-hfb-mobile-header-display":"","site-post-title":"","ast-breadcrumbs-content":"","ast-featured-img":"","footer-sml-layout":"","theme-transparent-header-meta":"default","adv-header-id-meta":"","stick-header-meta":"","header-above-stick-meta":"","header-main-stick-meta":"","header-below-stick-meta":"","footnotes":""},"class_list":["post-1417","page","type-page","status-publish","hentry"],"aioseo_notices":[],"_links":{"self":[{"href":"https:\/\/flexico.com.mx\/en\/wp-json\/wp\/v2\/pages\/1417","targetHints":{"allow":["GET"]}}],"collection":[{"href":"https:\/\/flexico.com.mx\/en\/wp-json\/wp\/v2\/pages"}],"about":[{"href":"https:\/\/flexico.com.mx\/en\/wp-json\/wp\/v2\/types\/page"}],"author":[{"embeddable":true,"href":"https:\/\/flexico.com.mx\/en\/wp-json\/wp\/v2\/users\/1"}],"replies":[{"embeddable":true,"href":"https:\/\/flexico.com.mx\/en\/wp-json\/wp\/v2\/comments?post=1417"}],"version-history":[{"count":3,"href":"https:\/\/flexico.com.mx\/en\/wp-json\/wp\/v2\/pages\/1417\/revisions"}],"predecessor-version":[{"id":1420,"href":"https:\/\/flexico.com.mx\/en\/wp-json\/wp\/v2\/pages\/1417\/revisions\/1420"}],"wp:attachment":[{"href":"https:\/\/flexico.com.mx\/en\/wp-json\/wp\/v2\/media?parent=1417"}],"curies":[{"name":"wp","href":"https:\/\/api.w.org\/{rel}","templated":true}]}}